{"id":1215,"date":"2020-11-19T02:24:01","date_gmt":"2020-11-19T01:24:01","guid":{"rendered":"https:\/\/www.musikschule-uemet.it\/home\/"},"modified":"2024-01-17T12:46:59","modified_gmt":"2024-01-17T11:46:59","slug":"home","status":"publish","type":"page","link":"https:\/\/ms.effekt.it\/it\/","title":{"rendered":"Home"},"content":{"rendered":"","protected":false},"excerpt":{"rendered":"","protected":false},"author":1,"featured_media":0,"parent":0,"menu_order":1,"comment_status":"closed","ping_status":"closed","template":"template-home.php","meta":{"_acf_changed":false,"footnotes":""},"class_list":["post-1215","page","type-page","status-publish","hentry"],"acf":[],"yoast_head":"<!-- This site is optimized with the Yoast SEO plugin v23.5 - https:\/\/yoast.com\/wordpress\/plugins\/seo\/ -->\n<title>Musikschule \u00dcberetsch Mittleres Etschtal, S\u00fcdtirol, Musik<\/title>\n<meta name=\"description\" content=\"Die Musikschule \u00dcberetsch Mittleres Etschtal ist Bestandteil der Bildungslandschaft in S\u00fcdtirol. Unserer Bem\u00fchungen sind die musikalischen Kompetenzen, die in Eppan, Terlan, Kaltern und M\u00f6lten unterrichtet werden.\" \/>\n<meta name=\"robots\" content=\"index, follow, max-snippet:-1, max-image-preview:large, max-video-preview:-1\" \/>\n<link rel=\"canonical\" href=\"https:\/\/ms.effekt.it\/\" \/>\n<meta property=\"og:locale\" content=\"it_IT\" \/>\n<meta property=\"og:type\" content=\"article\" \/>\n<meta property=\"og:title\" content=\"Musikschule \u00dcberetsch Mittleres Etschtal, S\u00fcdtirol, Musik\" \/>\n<meta property=\"og:description\" content=\"Die Musikschule \u00dcberetsch Mittleres Etschtal ist Bestandteil der Bildungslandschaft in S\u00fcdtirol. Unserer Bem\u00fchungen sind die musikalischen Kompetenzen, die in Eppan, Terlan, Kaltern und M\u00f6lten unterrichtet werden.\" \/>\n<meta property=\"og:url\" content=\"https:\/\/ms.effekt.it\/\" \/>\n<meta property=\"og:site_name\" content=\"Musikschule \u00dcberetsch - Mittleres Etschtal\" \/>\n<meta property=\"article:modified_time\" content=\"2024-01-17T11:46:59+00:00\" \/>\n<meta name=\"twitter:card\" content=\"summary_large_image\" \/>\n<script type=\"application\/ld+json\" class=\"yoast-schema-graph\">{\"@context\":\"https:\/\/schema.org\",\"@graph\":[{\"@type\":\"WebPage\",\"@id\":\"https:\/\/ms.effekt.it\/\",\"url\":\"https:\/\/ms.effekt.it\/\",\"name\":\"Musikschule \u00dcberetsch Mittleres Etschtal, S\u00fcdtirol, Musik\",\"isPartOf\":{\"@id\":\"https:\/\/ms.effekt.it\/#website\"},\"datePublished\":\"2020-11-19T01:24:01+00:00\",\"dateModified\":\"2024-01-17T11:46:59+00:00\",\"description\":\"Die Musikschule \u00dcberetsch Mittleres Etschtal ist Bestandteil der Bildungslandschaft in S\u00fcdtirol. Unserer Bem\u00fchungen sind die musikalischen Kompetenzen, die in Eppan, Terlan, Kaltern und M\u00f6lten unterrichtet werden.\",\"inLanguage\":\"it-IT\",\"potentialAction\":[{\"@type\":\"ReadAction\",\"target\":[\"https:\/\/ms.effekt.it\/\"]}]},{\"@type\":\"WebSite\",\"@id\":\"https:\/\/ms.effekt.it\/#website\",\"url\":\"https:\/\/ms.effekt.it\/\",\"name\":\"Musikschule \u00dcberetsch - Mittleres Etschtal\",\"description\":\"\",\"potentialAction\":[{\"@type\":\"SearchAction\",\"target\":{\"@type\":\"EntryPoint\",\"urlTemplate\":\"https:\/\/ms.effekt.it\/?s={search_term_string}\"},\"query-input\":{\"@type\":\"PropertyValueSpecification\",\"valueRequired\":true,\"valueName\":\"search_term_string\"}}],\"inLanguage\":\"it-IT\"}]}<\/script>\n<!-- \/ Yoast SEO plugin. -->","yoast_head_json":{"title":"Musikschule \u00dcberetsch Mittleres Etschtal, S\u00fcdtirol, Musik","description":"Die Musikschule \u00dcberetsch Mittleres Etschtal ist Bestandteil der Bildungslandschaft in S\u00fcdtirol. Unserer Bem\u00fchungen sind die musikalischen Kompetenzen, die in Eppan, Terlan, Kaltern und M\u00f6lten unterrichtet werden.","robots":{"index":"index","follow":"follow","max-snippet":"max-snippet:-1","max-image-preview":"max-image-preview:large","max-video-preview":"max-video-preview:-1"},"canonical":"https:\/\/ms.effekt.it\/","og_locale":"it_IT","og_type":"article","og_title":"Musikschule \u00dcberetsch Mittleres Etschtal, S\u00fcdtirol, Musik","og_description":"Die Musikschule \u00dcberetsch Mittleres Etschtal ist Bestandteil der Bildungslandschaft in S\u00fcdtirol. Unserer Bem\u00fchungen sind die musikalischen Kompetenzen, die in Eppan, Terlan, Kaltern und M\u00f6lten unterrichtet werden.","og_url":"https:\/\/ms.effekt.it\/","og_site_name":"Musikschule \u00dcberetsch - Mittleres Etschtal","article_modified_time":"2024-01-17T11:46:59+00:00","twitter_card":"summary_large_image","schema":{"@context":"https:\/\/schema.org","@graph":[{"@type":"WebPage","@id":"https:\/\/ms.effekt.it\/","url":"https:\/\/ms.effekt.it\/","name":"Musikschule \u00dcberetsch Mittleres Etschtal, S\u00fcdtirol, Musik","isPartOf":{"@id":"https:\/\/ms.effekt.it\/#website"},"datePublished":"2020-11-19T01:24:01+00:00","dateModified":"2024-01-17T11:46:59+00:00","description":"Die Musikschule \u00dcberetsch Mittleres Etschtal ist Bestandteil der Bildungslandschaft in S\u00fcdtirol. Unserer Bem\u00fchungen sind die musikalischen Kompetenzen, die in Eppan, Terlan, Kaltern und M\u00f6lten unterrichtet werden.","inLanguage":"it-IT","potentialAction":[{"@type":"ReadAction","target":["https:\/\/ms.effekt.it\/"]}]},{"@type":"WebSite","@id":"https:\/\/ms.effekt.it\/#website","url":"https:\/\/ms.effekt.it\/","name":"Musikschule \u00dcberetsch - Mittleres Etschtal","description":"","potentialAction":[{"@type":"SearchAction","target":{"@type":"EntryPoint","urlTemplate":"https:\/\/ms.effekt.it\/?s={search_term_string}"},"query-input":{"@type":"PropertyValueSpecification","valueRequired":true,"valueName":"search_term_string"}}],"inLanguage":"it-IT"}]}},"_links":{"self":[{"href":"https:\/\/ms.effekt.it\/it\/wp-json\/wp\/v2\/pages\/1215","targetHints":{"allow":["GET"]}}],"collection":[{"href":"https:\/\/ms.effekt.it\/it\/wp-json\/wp\/v2\/pages"}],"about":[{"href":"https:\/\/ms.effekt.it\/it\/wp-json\/wp\/v2\/types\/page"}],"author":[{"embeddable":true,"href":"https:\/\/ms.effekt.it\/it\/wp-json\/wp\/v2\/users\/1"}],"replies":[{"embeddable":true,"href":"https:\/\/ms.effekt.it\/it\/wp-json\/wp\/v2\/comments?post=1215"}],"version-history":[{"count":10,"href":"https:\/\/ms.effekt.it\/it\/wp-json\/wp\/v2\/pages\/1215\/revisions"}],"predecessor-version":[{"id":5100,"href":"https:\/\/ms.effekt.it\/it\/wp-json\/wp\/v2\/pages\/1215\/revisions\/5100"}],"wp:attachment":[{"href":"https:\/\/ms.effekt.it\/it\/wp-json\/wp\/v2\/media?parent=1215"}],"curies":[{"name":"wp","href":"https:\/\/api.w.org\/{rel}","templated":true}]}}